{"id":5147,"date":"2020-07-25T08:11:51","date_gmt":"2020-07-25T13:11:51","guid":{"rendered":"https:\/\/demo.casethemes.net\/consultio-digital\/?page_id=5147"},"modified":"2025-12-30T19:09:15","modified_gmt":"2025-12-31T00:09:15","slug":"home","status":"publish","type":"page","link":"https:\/\/playlegal.net\/fundacion-playlegal\/","title":{"rendered":"Home"},"content":{"rendered":"\t\t<div data-elementor-type=\"wp-page\" data-elementor-id=\"5147\" class=\"elementor elementor-5147\">\n\t\t\t\t        <section class=\"elementor-section elementor-top-section elementor-element elementor-element-312ccf0 elementor-section-stretched elementor-section-height-min-height elementor-section-items-stretch elementor-section-boxed elementor-section-height-default ct-header-fixed-none ct-row-max-none\" data-id=\"312ccf0\" data-element_type=\"section\" data-settings=\"{&quot;background_background&quot;:&quot;classic&quot;,&quot;stretch_section&quot;:&quot;section-stretched&quot;}\">\n            \n                        <div class=\"elementor-container elementor-column-gap-no \">\n                    <div class=\"elementor-column elementor-col-100 elementor-top-column elementor-element elementor-element-3bcf73a\" data-id=\"3bcf73a\" data-element_type=\"column\">\n        <div class=\"elementor-widget-wrap elementor-element-populated\">\n                    \n        \t\t<div class=\"elementor-element elementor-element-f3777ea elementor-widget elementor-widget-text-editor\" data-id=\"f3777ea\" data-element_type=\"widget\" data-widget_type=\"text-editor.default\">\n\t\t\t\t<div class=\"elementor-widget-container\">\n\t\t\t\t\t\t\t<p><strong>&#8220;El deporte tiene el poder de transformar el mundo. Tiene el poder de inspirar, de unir a la gente como pocas otras cosas&#8230;<\/strong><br \/><strong>Tiene m\u00e1s capacidad que los gobiernos de derribar las barreras sociales.&#8221;<\/strong><\/p><p><em>Nelson Mandela<\/em><\/p>\t\t\t\t\t\t<\/div>\n\t\t\t\t<\/div>\n\t\t            <\/div>\n        <\/div>\n                    <\/div>\n        <\/section>\n                <section class=\"elementor-section elementor-top-section elementor-element elementor-element-053d9f7 elementor-section-stretched elementor-section-boxed elementor-section-height-default elementor-section-height-default ct-header-fixed-none ct-row-max-none\" data-id=\"053d9f7\" data-element_type=\"section\" data-settings=\"{&quot;stretch_section&quot;:&quot;section-stretched&quot;}\">\n            \n                        <div class=\"elementor-container elementor-column-gap-no \">\n                    <div class=\"elementor-column elementor-col-100 elementor-top-column elementor-element elementor-element-9a5a143\" data-id=\"9a5a143\" data-element_type=\"column\">\n        <div class=\"elementor-widget-wrap elementor-element-populated\">\n                    \n        \t\t<div class=\"elementor-element elementor-element-2861ef6 elementor-widget elementor-widget-video\" data-id=\"2861ef6\" data-element_type=\"widget\" data-settings=\"{&quot;video_type&quot;:&quot;vimeo&quot;}\" data-widget_type=\"video.default\">\n\t\t\t\t<div class=\"elementor-widget-container\">\n\t\t\t\t\t<div class=\"elementor-wrapper elementor-open-inline\">\n\t\t\t<iframe class=\"elementor-video-iframe\" allowfullscreen allow=\"clipboard-write\" title=\"Reproductor de v\u00eddeo vimeo\" src=\"https:\/\/player.vimeo.com\/video\/379298978?color&amp;autopause=0&amp;loop=0&amp;muted=0&amp;title=1&amp;portrait=1&amp;byline=1&amp;h=51ac32fdbb#t=\"><\/iframe>\t\t<\/div>\n\t\t\t\t<\/div>\n\t\t\t\t<\/div>\n\t\t            <\/div>\n        <\/div>\n                    <\/div>\n        <\/section>\n                <section class=\"elementor-section elementor-top-section elementor-element elementor-element-c86dfb7 elementor-section-stretched elementor-section-height-min-height elementor-section-items-bottom elementor-section-boxed elementor-section-height-default ct-header-fixed-none ct-row-max-none\" data-id=\"c86dfb7\" data-element_type=\"section\" data-settings=\"{&quot;background_background&quot;:&quot;classic&quot;,&quot;stretch_section&quot;:&quot;section-stretched&quot;}\">\n            \n                        <div class=\"elementor-container elementor-column-gap-no \">\n                    <div class=\"elementor-column elementor-col-100 elementor-top-column elementor-element elementor-element-bd63d57\" data-id=\"bd63d57\" data-element_type=\"column\">\n        <div class=\"elementor-widget-wrap elementor-element-populated\">\n                    \n        \t\t<div class=\"elementor-element elementor-element-bc7de77 elementor-widget elementor-widget-heading\" data-id=\"bc7de77\" data-element_type=\"widget\" data-widget_type=\"heading.default\">\n\t\t\t\t<div class=\"elementor-widget-container\">\n\t\t\t<h2 class=\"elementor-heading-title elementor-size-default\">Indicadores de Impacto<\/h2>\t\t<\/div>\n\t\t\t\t<\/div>\n\t\t            <\/div>\n        <\/div>\n                    <\/div>\n        <\/section>\n                <section class=\"elementor-section elementor-top-section elementor-element elementor-element-a733e14 elementor-section-boxed elementor-section-height-default elementor-section-height-default ct-header-fixed-none ct-row-max-none\" data-id=\"a733e14\" data-element_type=\"section\">\n            \n                        <div class=\"elementor-container elementor-column-gap-no \">\n                    <div class=\"elementor-column elementor-col-100 elementor-top-column elementor-element elementor-element-3d6433c\" data-id=\"3d6433c\" data-element_type=\"column\">\n        <div class=\"elementor-widget-wrap elementor-element-populated\">\n                    \n                <section class=\"elementor-section elementor-inner-section elementor-element elementor-element-765e142 elementor-section-boxed elementor-section-height-default elementor-section-height-default ct-header-fixed-none ct-row-max-none\" data-id=\"765e142\" data-element_type=\"section\">\n            \n                        <div class=\"elementor-container elementor-column-gap-no \">\n                    <div class=\"elementor-column elementor-col-50 elementor-inner-column elementor-element elementor-element-4fcfbbd\" data-id=\"4fcfbbd\" data-element_type=\"column\">\n        <div class=\"elementor-widget-wrap elementor-element-populated\">\n                    \n        \t\t<div class=\"elementor-element elementor-element-ff9cb80 elementor-widget elementor-widget-image\" data-id=\"ff9cb80\" data-element_type=\"widget\" data-widget_type=\"image.default\">\n\t\t\t\t<div class=\"elementor-widget-container\">\n\t\t\t\t\t\t\t\t\t\t\t\t\t<img fetchpriority=\"high\" decoding=\"async\" width=\"1024\" height=\"512\" src=\"https:\/\/playlegal.net\/fundacion-playlegal\/wp-content\/uploads\/sites\/2\/2022\/09\/Indicador-de-Impacto-Beneficiarios-Directos.png\" class=\"attachment-full size-full wp-image-6475\" alt=\"\" srcset=\"https:\/\/playlegal.net\/fundacion-playlegal\/wp-content\/uploads\/sites\/2\/2022\/09\/Indicador-de-Impacto-Beneficiarios-Directos.png 1024w, https:\/\/playlegal.net\/fundacion-playlegal\/wp-content\/uploads\/sites\/2\/2022\/09\/Indicador-de-Impacto-Beneficiarios-Directos-300x150.png 300w, https:\/\/playlegal.net\/fundacion-playlegal\/wp-content\/uploads\/sites\/2\/2022\/09\/Indicador-de-Impacto-Beneficiarios-Directos-150x75.png 150w, https:\/\/playlegal.net\/fundacion-playlegal\/wp-content\/uploads\/sites\/2\/2022\/09\/Indicador-de-Impacto-Beneficiarios-Directos-768x384.png 768w\" sizes=\"(max-width: 1024px) 100vw, 1024px\" \/>\t\t\t\t\t\t\t\t\t\t\t\t\t<\/div>\n\t\t\t\t<\/div>\n\t\t            <\/div>\n        <\/div>\n                <div class=\"elementor-column elementor-col-50 elementor-inner-column elementor-element elementor-element-97c42a9\" data-id=\"97c42a9\" data-element_type=\"column\">\n        <div class=\"elementor-widget-wrap elementor-element-populated\">\n                    \n        \t\t<div class=\"elementor-element elementor-element-1623ad7 elementor-widget elementor-widget-image\" data-id=\"1623ad7\" data-element_type=\"widget\" data-widget_type=\"image.default\">\n\t\t\t\t<div class=\"elementor-widget-container\">\n\t\t\t\t\t\t\t\t\t\t\t\t\t<img decoding=\"async\" width=\"384\" height=\"192\" src=\"https:\/\/playlegal.net\/fundacion-playlegal\/wp-content\/uploads\/sites\/2\/2022\/09\/Indicador-de-Impacto-Ocupacion-Tiempo-Libre.png\" class=\"attachment-full size-full wp-image-6477\" alt=\"\" srcset=\"https:\/\/playlegal.net\/fundacion-playlegal\/wp-content\/uploads\/sites\/2\/2022\/09\/Indicador-de-Impacto-Ocupacion-Tiempo-Libre.png 384w, https:\/\/playlegal.net\/fundacion-playlegal\/wp-content\/uploads\/sites\/2\/2022\/09\/Indicador-de-Impacto-Ocupacion-Tiempo-Libre-300x150.png 300w, https:\/\/playlegal.net\/fundacion-playlegal\/wp-content\/uploads\/sites\/2\/2022\/09\/Indicador-de-Impacto-Ocupacion-Tiempo-Libre-150x75.png 150w\" sizes=\"(max-width: 384px) 100vw, 384px\" \/>\t\t\t\t\t\t\t\t\t\t\t\t\t<\/div>\n\t\t\t\t<\/div>\n\t\t\t\t<div class=\"elementor-element elementor-element-b8b4405 elementor-widget elementor-widget-image\" data-id=\"b8b4405\" data-element_type=\"widget\" data-widget_type=\"image.default\">\n\t\t\t\t<div class=\"elementor-widget-container\">\n\t\t\t\t\t\t\t\t\t\t\t\t\t<img decoding=\"async\" width=\"384\" height=\"256\" src=\"https:\/\/playlegal.net\/fundacion-playlegal\/wp-content\/uploads\/sites\/2\/2022\/09\/Indicador-de-Impacto-Lideres-Formados.png\" class=\"attachment-full size-full wp-image-6476\" alt=\"\" srcset=\"https:\/\/playlegal.net\/fundacion-playlegal\/wp-content\/uploads\/sites\/2\/2022\/09\/Indicador-de-Impacto-Lideres-Formados.png 384w, https:\/\/playlegal.net\/fundacion-playlegal\/wp-content\/uploads\/sites\/2\/2022\/09\/Indicador-de-Impacto-Lideres-Formados-300x200.png 300w, https:\/\/playlegal.net\/fundacion-playlegal\/wp-content\/uploads\/sites\/2\/2022\/09\/Indicador-de-Impacto-Lideres-Formados-150x100.png 150w\" sizes=\"(max-width: 384px) 100vw, 384px\" \/>\t\t\t\t\t\t\t\t\t\t\t\t\t<\/div>\n\t\t\t\t<\/div>\n\t\t            <\/div>\n        <\/div>\n                    <\/div>\n        <\/section>\n                <section class=\"elementor-section elementor-inner-section elementor-element elementor-element-2250317 elementor-section-boxed elementor-section-height-default elementor-section-height-default ct-header-fixed-none ct-row-max-none\" data-id=\"2250317\" data-element_type=\"section\">\n            \n                        <div class=\"elementor-container elementor-column-gap-no \">\n                    <div class=\"elementor-column elementor-col-100 elementor-inner-column elementor-element elementor-element-a8f5559\" data-id=\"a8f5559\" data-element_type=\"column\">\n        <div class=\"elementor-widget-wrap elementor-element-populated\">\n                    \n        \t\t<div class=\"elementor-element elementor-element-6ffda08 elementor-widget elementor-widget-image\" data-id=\"6ffda08\" data-element_type=\"widget\" data-widget_type=\"image.default\">\n\t\t\t\t<div class=\"elementor-widget-container\">\n\t\t\t\t\t\t\t\t\t\t\t\t\t<img loading=\"lazy\" decoding=\"async\" width=\"960\" height=\"480\" src=\"https:\/\/playlegal.net\/fundacion-playlegal\/wp-content\/uploads\/sites\/2\/2022\/09\/Indicador-de-Impacto-Que-tan-importante-es-el-futbol-en-Colomb.png\" class=\"attachment-full size-full wp-image-6478\" alt=\"\" srcset=\"https:\/\/playlegal.net\/fundacion-playlegal\/wp-content\/uploads\/sites\/2\/2022\/09\/Indicador-de-Impacto-Que-tan-importante-es-el-futbol-en-Colomb.png 960w, https:\/\/playlegal.net\/fundacion-playlegal\/wp-content\/uploads\/sites\/2\/2022\/09\/Indicador-de-Impacto-Que-tan-importante-es-el-futbol-en-Colomb-300x150.png 300w, https:\/\/playlegal.net\/fundacion-playlegal\/wp-content\/uploads\/sites\/2\/2022\/09\/Indicador-de-Impacto-Que-tan-importante-es-el-futbol-en-Colomb-150x75.png 150w, https:\/\/playlegal.net\/fundacion-playlegal\/wp-content\/uploads\/sites\/2\/2022\/09\/Indicador-de-Impacto-Que-tan-importante-es-el-futbol-en-Colomb-768x384.png 768w\" sizes=\"(max-width: 960px) 100vw, 960px\" \/>\t\t\t\t\t\t\t\t\t\t\t\t\t<\/div>\n\t\t\t\t<\/div>\n\t\t            <\/div>\n        <\/div>\n                    <\/div>\n        <\/section>\n                    <\/div>\n        <\/div>\n                    <\/div>\n        <\/section>\n                <section class=\"elementor-section elementor-top-section elementor-element elementor-element-d83dba3 elementor-section-stretched elementor-section-height-min-height elementor-section-items-bottom elementor-section-boxed elementor-section-height-default ct-header-fixed-none ct-row-max-none\" data-id=\"d83dba3\" data-element_type=\"section\" data-settings=\"{&quot;background_background&quot;:&quot;classic&quot;,&quot;stretch_section&quot;:&quot;section-stretched&quot;}\">\n            \n                        <div class=\"elementor-container elementor-column-gap-no \">\n                    <div class=\"elementor-column elementor-col-100 elementor-top-column elementor-element elementor-element-7f3646d\" data-id=\"7f3646d\" data-element_type=\"column\">\n        <div class=\"elementor-widget-wrap elementor-element-populated\">\n                    \n        \t\t<div class=\"elementor-element elementor-element-5034c7e elementor-widget elementor-widget-heading\" data-id=\"5034c7e\" data-element_type=\"widget\" data-widget_type=\"heading.default\">\n\t\t\t\t<div class=\"elementor-widget-container\">\n\t\t\t<h2 class=\"elementor-heading-title elementor-size-default\">Nuestros Clientes<\/h2>\t\t<\/div>\n\t\t\t\t<\/div>\n\t\t            <\/div>\n        <\/div>\n                    <\/div>\n        <\/section>\n                <section class=\"elementor-section elementor-top-section elementor-element elementor-element-c42ddb3 elementor-section-stretched elementor-section-boxed elementor-section-height-default elementor-section-height-default ct-header-fixed-none ct-row-max-none\" data-id=\"c42ddb3\" data-element_type=\"section\" data-settings=\"{&quot;stretch_section&quot;:&quot;section-stretched&quot;,&quot;background_background&quot;:&quot;classic&quot;}\">\n            \n                        <div class=\"elementor-container elementor-column-gap-no \">\n                    <div class=\"elementor-column elementor-col-100 elementor-top-column elementor-element elementor-element-a186fc5\" data-id=\"a186fc5\" data-element_type=\"column\">\n        <div class=\"elementor-widget-wrap elementor-element-populated\">\n                    \n        \t\t<div class=\"elementor-element elementor-element-61b5110 elementor-widget elementor-widget-ct_gallery_carousel\" data-id=\"61b5110\" data-element_type=\"widget\" data-widget_type=\"ct_gallery_carousel.default\">\n\t\t\t\t<div class=\"elementor-widget-container\">\n\t\t\t    <div class=\"ct-gallery-carousel1 ct-slick-slider\">\r\n        <div class=\"ct-carousel-inner\">\r\n            <div class=\"ct-slick-carousel\" data-arrows=\"\" data-dots=\"\" data-pauseOnHover=\"true\" data-autoplay=\"true\" data-autoplaySpeed=\"1000\" data-infinite=\"true\" data-speed=\"333\" data-colxs=\"1\" data-colsm=\"2\" data-colmd=\"3\" data-collg=\"3\" data-colxl=\"4\" data-dir=\"false\" data-slidesToScroll=\"1\">\r\n                                    <div class=\"slick-slide\">\r\n                        <img loading=\"lazy\" decoding=\"async\" class=\"\" src=\"https:\/\/playlegal.net\/fundacion-playlegal\/wp-content\/uploads\/sites\/2\/2022\/09\/logo-acr.png\" width=\"320\" height=\"320\" alt=\"logo-acr\" title=\"logo-acr\" \/>                    <\/div>\r\n                                    <div class=\"slick-slide\">\r\n                        <img loading=\"lazy\" decoding=\"async\" class=\"\" src=\"https:\/\/playlegal.net\/fundacion-playlegal\/wp-content\/uploads\/sites\/2\/2022\/09\/logo-aecom.png\" width=\"320\" height=\"320\" alt=\"logo-aecom\" title=\"logo-aecom\" \/>                    <\/div>\r\n                                    <div class=\"slick-slide\">\r\n                        <img loading=\"lazy\" decoding=\"async\" class=\"\" src=\"https:\/\/playlegal.net\/fundacion-playlegal\/wp-content\/uploads\/sites\/2\/2022\/09\/logo-amarilo.png\" width=\"320\" height=\"320\" alt=\"logo-amarilo\" title=\"logo-amarilo\" \/>                    <\/div>\r\n                                    <div class=\"slick-slide\">\r\n                        <img loading=\"lazy\" decoding=\"async\" class=\"\" src=\"https:\/\/playlegal.net\/fundacion-playlegal\/wp-content\/uploads\/sites\/2\/2022\/09\/logo-ciudad-verde.png\" width=\"320\" height=\"320\" alt=\"logo-ciudad-verde\" title=\"logo-ciudad-verde\" \/>                    <\/div>\r\n                                    <div class=\"slick-slide\">\r\n                        <img loading=\"lazy\" decoding=\"async\" class=\"\" src=\"https:\/\/playlegal.net\/fundacion-playlegal\/wp-content\/uploads\/sites\/2\/2022\/09\/logo-fondo-adaptacion.png\" width=\"320\" height=\"320\" alt=\"logo-fondo-adaptacion\" title=\"logo-fondo-adaptacion\" \/>                    <\/div>\r\n                                    <div class=\"slick-slide\">\r\n                        <img loading=\"lazy\" decoding=\"async\" class=\"\" src=\"https:\/\/playlegal.net\/fundacion-playlegal\/wp-content\/uploads\/sites\/2\/2022\/09\/logo-fundacion-social.png\" width=\"320\" height=\"320\" alt=\"logo-fundacion-social\" title=\"logo-fundacion-social\" \/>                    <\/div>\r\n                                    <div class=\"slick-slide\">\r\n                        <img loading=\"lazy\" decoding=\"async\" class=\"\" src=\"https:\/\/playlegal.net\/fundacion-playlegal\/wp-content\/uploads\/sites\/2\/2022\/09\/logo-responder.png\" width=\"320\" height=\"320\" alt=\"logo-responder\" title=\"logo-responder\" \/>                    <\/div>\r\n                            <\/div>\r\n        <\/div>\r\n    <\/div>\r\n\t\t<\/div>\n\t\t\t\t<\/div>\n\t\t            <\/div>\n        <\/div>\n                    <\/div>\n        <\/section>\n                <section class=\"elementor-section elementor-top-section elementor-element elementor-element-bd44c95 elementor-section-boxed elementor-section-height-default elementor-section-height-default ct-header-fixed-none ct-row-max-none\" data-id=\"bd44c95\" data-element_type=\"section\">\n            \n                        <div class=\"elementor-container elementor-column-gap-default \">\n                    <div class=\"elementor-column elementor-col-100 elementor-top-column elementor-element elementor-element-ef524da\" data-id=\"ef524da\" data-element_type=\"column\">\n        <div class=\"elementor-widget-wrap elementor-element-populated\">\n                    \n        \t\t<div class=\"elementor-element elementor-element-9cbc820 elementor-widget elementor-widget-ct_title\" data-id=\"9cbc820\" data-element_type=\"widget\" data-widget_type=\"ct_title.default\">\n\t\t\t\t<div class=\"elementor-widget-container\">\n\t\t\t<div class=\"ct-title1 style1\">\r\n    <h3>\r\n    \t\t        <span>A continuaci\u00f3n presentamos informaci\u00f3n de importancia de cumplimiento como fundaci\u00f3n, los cuales son de conocimiento p\u00fablico.<\/span>\r\n\t        <i><\/i>\r\n\t        <\/h3>\r\n<\/div>\t\t<\/div>\n\t\t\t\t<\/div>\n\t\t\t\t<div class=\"elementor-element elementor-element-35ca24f elementor-widget elementor-widget-ct_download\" data-id=\"35ca24f\" data-element_type=\"widget\" data-widget_type=\"ct_download.default\">\n\t\t\t\t<div class=\"elementor-widget-container\">\n\t\t\t    <div class=\"ct-download\">\r\n                    <div class=\"item--download\">\r\n                <a href=\"https:\/\/playlegal.net\/fundacion-playlegal\/wp-content\/uploads\/sites\/\/2\/2025\/12\/FundacionPlaylegal2024.pdf\" target=\"_blank\">\r\n            \t<i aria-hidden=\"true\" class=\"material zmdi zmdi-assignment\"><\/i>                                <span>FUNDACI\u00d3N PLAYLEGAL 2024<\/span>\r\n            \t<\/a>\r\n           <\/div>\r\n                    <div class=\"item--download\">\r\n                <a href=\"https:\/\/playlegal.net\/fundacion-playlegal\/wp-content\/uploads\/sites\/2\/2025\/12\/FundacionPlaylegal2023.pdf\" target=\"_blank\">\r\n            \t<i aria-hidden=\"true\" class=\"material zmdi zmdi-assignment\"><\/i>                                <span>FUNDACI\u00d3N PLAYLEGAL 2023<\/span>\r\n            \t<\/a>\r\n           <\/div>\r\n                    <div class=\"item--download\">\r\n                <a href=\"https:\/\/playlegal.net\/fundacion-playlegal\/wp-content\/uploads\/sites\/2\/2025\/12\/FundacionPlaylegal2022.pdf\" target=\"_blank\">\r\n            \t<i aria-hidden=\"true\" class=\"material zmdi zmdi-assignment\"><\/i>                                <span>FUNDACI\u00d3N PLAYLEGAL 2022<\/span>\r\n            \t<\/a>\r\n           <\/div>\r\n                    <div class=\"item--download\">\r\n                <a href=\"https:\/\/playlegal.net\/fundacion-playlegal\/wp-content\/uploads\/sites\/2\/2025\/12\/FundacionPlaylegal2021.pdf\" target=\"_blank\">\r\n            \t<i aria-hidden=\"true\" class=\"material zmdi zmdi-assignment\"><\/i>                                <span>FUNDACI\u00d3N PLAYLEGAL 2021<\/span>\r\n            \t<\/a>\r\n           <\/div>\r\n                    <div class=\"item--download\">\r\n                <a href=\"https:\/\/playlegal.net\/fundacion-playlegal\/wp-content\/uploads\/sites\/2\/2022\/09\/FundacionPlaylegal2020.pdf\" target=\"_blank\">\r\n            \t<i aria-hidden=\"true\" class=\"material zmdi zmdi-assignment\"><\/i>                                <span>FUNDACI\u00d3N PLAYLEGAL 2020<\/span>\r\n            \t<\/a>\r\n           <\/div>\r\n                    <div class=\"item--download\">\r\n                <a href=\"https:\/\/playlegal.net\/fundacion-playlegal\/wp-content\/uploads\/sites\/2\/2022\/09\/FundacionPlaylegal2019.pdf\" target=\"_blank\">\r\n            \t<i aria-hidden=\"true\" class=\"material zmdi zmdi-assignment\"><\/i>                                <span>FUNDACI\u00d3N PLAYLEGAL 2019<\/span>\r\n            \t<\/a>\r\n           <\/div>\r\n                    <div class=\"item--download\">\r\n                <a href=\"https:\/\/playlegal.net\/fundacion-playlegal\/wp-content\/uploads\/sites\/2\/2022\/09\/FundacionPlaylegal2018.pdf\" target=\"_blank\">\r\n            \t<i aria-hidden=\"true\" class=\"material zmdi zmdi-assignment\"><\/i>                                <span>FUNDACI\u00d3N PLAYLEGAL 2018<\/span>\r\n            \t<\/a>\r\n           <\/div>\r\n                    <div class=\"item--download\">\r\n                <a href=\"https:\/\/playlegal.net\/fundacion-playlegal\/wp-content\/uploads\/sites\/2\/2022\/09\/FundacionPlaylegal2017.pdf\" target=\"_blank\">\r\n            \t<i aria-hidden=\"true\" class=\"material zmdi zmdi-assignment\"><\/i>                                <span>FUNDACI\u00d3N PLAYLEGAL 2017<\/span>\r\n            \t<\/a>\r\n           <\/div>\r\n            <\/div>\r\n\t\t<\/div>\n\t\t\t\t<\/div>\n\t\t            <\/div>\n        <\/div>\n                    <\/div>\n        <\/section>\n        \t\t<\/div>\n\t\t","protected":false},"excerpt":{"rendered":"<p>&#8220;El deporte tiene el poder de transformar el mundo. Tiene el poder de inspirar, de unir a la gente como pocas otras cosas&#8230;Tiene m\u00e1s capacidad que los gobiernos de derribar las barreras sociales.&#8221; Nelson Mandela https:\/\/vimeo.com\/379298978\/51ac32fdbb Indicadores de Impacto Nuestros Clientes A continuaci\u00f3n presentamos informaci\u00f3n de importancia de cumplimiento como fundaci\u00f3n, los cuales son de [&hellip;]<\/p>\n","protected":false},"author":1,"featured_media":0,"parent":0,"menu_order":0,"comment_status":"closed","ping_status":"closed","template":"","meta":{"inline_featured_image":false,"footnotes":""},"class_list":["post-5147","page","type-page","status-publish","hentry"],"_links":{"self":[{"href":"https:\/\/playlegal.net\/fundacion-playlegal\/wp-json\/wp\/v2\/pages\/5147","targetHints":{"allow":["GET"]}}],"collection":[{"href":"https:\/\/playlegal.net\/fundacion-playlegal\/wp-json\/wp\/v2\/pages"}],"about":[{"href":"https:\/\/playlegal.net\/fundacion-playlegal\/wp-json\/wp\/v2\/types\/page"}],"author":[{"embeddable":true,"href":"https:\/\/playlegal.net\/fundacion-playlegal\/wp-json\/wp\/v2\/users\/1"}],"replies":[{"embeddable":true,"href":"https:\/\/playlegal.net\/fundacion-playlegal\/wp-json\/wp\/v2\/comments?post=5147"}],"version-history":[{"count":149,"href":"https:\/\/playlegal.net\/fundacion-playlegal\/wp-json\/wp\/v2\/pages\/5147\/revisions"}],"predecessor-version":[{"id":6629,"href":"https:\/\/playlegal.net\/fundacion-playlegal\/wp-json\/wp\/v2\/pages\/5147\/revisions\/6629"}],"wp:attachment":[{"href":"https:\/\/playlegal.net\/fundacion-playlegal\/wp-json\/wp\/v2\/media?parent=5147"}],"curies":[{"name":"wp","href":"https:\/\/api.w.org\/{rel}","templated":true}]}}