{"id":6918,"date":"2024-09-12T20:22:28","date_gmt":"2024-09-13T01:22:28","guid":{"rendered":"https:\/\/playlegal.net\/?page_id=6918"},"modified":"2025-07-04T11:21:47","modified_gmt":"2025-07-04T16:21:47","slug":"juan-felipe-diaz","status":"publish","type":"page","link":"https:\/\/playlegal.net\/en\/about-us\/juan-felipe-diaz\/","title":{"rendered":"JUAN FELIPE DIAZ"},"content":{"rendered":"\t\t<div data-elementor-type=\"wp-page\" data-elementor-id=\"6918\" class=\"elementor elementor-6918\">\n\t\t\t\t        <section class=\"elementor-section elementor-top-section elementor-element elementor-element-41c8be4d elementor-section-boxed elementor-section-height-default elementor-section-height-default ct-header-fixed-none ct-row-max-none\" data-id=\"41c8be4d\" data-element_type=\"section\">\n            \n                        <div class=\"elementor-container elementor-column-gap-extended \">\n                    <div class=\"elementor-column elementor-col-100 elementor-top-column elementor-element elementor-element-4e8299d1\" data-id=\"4e8299d1\" data-element_type=\"column\">\n        <div class=\"elementor-widget-wrap elementor-element-populated\">\n                    \n        \t\t<div class=\"elementor-element elementor-element-d659d31 elementor-widget elementor-widget-ct_team_details\" data-id=\"d659d31\" data-element_type=\"widget\" data-widget_type=\"ct_team_details.default\">\n\t\t\t\t<div class=\"elementor-widget-container\">\n\t\t\t<div class=\"ct-team-details\">\r\n\t\t\t<div class=\"ct-team-image bg-image\" style=\"background-image: url(https:\/\/playlegal.net\/wp-content\/uploads\/2025\/05\/Juan-Diaz-Perfil.jpg);\"><\/div>\r\n\t\t<div class=\"ct-team-content bg-image\">\r\n\t\t<div class=\"ct-team-holder\">\r\n\t\t\t<div class=\"ct-team-icon\"><i class=\"fac fac-user-cog\"><\/i><\/div>\r\n\t\t\t<div class=\"ct-team-meta\">\r\n\t\t\t\t<h3 class=\"ct-team-title\">JUAN FELIPE DIAZ<\/h3>\r\n\t\t\t\t<div class=\"ct-team-position\">LAWYER<\/div>\r\n\t\t\t<\/div>\r\n\t\t<\/div>\r\n\t\t<ul class=\"ct-team-contact\">\r\n\t\t\t\t\t\t\t\t\t\t\t<\/ul>\r\n\t\t<div class=\"ct-team-social\">\r\n\t\t\t\t\t\t\t\t\t\t<div class=\"ct-team-social-list\">\r\n\t\t\t\t\t\t\t\t            \t\t\t                <a href=\"https:\/\/www.linkedin.com\/in\/juan-felipe-d%C3%ADaz-g-9849871a9\/ \">\r\n\t\t\t                    <i aria-hidden=\"true\" class=\"material zmdi zmdi-linkedin-box\"><\/i>\t\t\t                    \t\t\t                <\/a>\r\n\t\t\t            \t\t\t        \t\t\t\t<\/div>\r\n\t\t\t\t\t<\/div>\r\n\t<\/div>\r\n<\/div>\t\t<\/div>\n\t\t\t\t<\/div>\n\t\t            <\/div>\n        <\/div>\n                    <\/div>\n        <\/section>\n                <section class=\"elementor-section elementor-top-section elementor-element elementor-element-5377e2dd elementor-section-boxed elementor-section-height-default elementor-section-height-default ct-header-fixed-none ct-row-max-none\" data-id=\"5377e2dd\" data-element_type=\"section\">\n            \n                        <div class=\"elementor-container elementor-column-gap-default \">\n                    <div class=\"elementor-column elementor-col-100 elementor-top-column elementor-element elementor-element-71822c2e\" data-id=\"71822c2e\" data-element_type=\"column\">\n        <div class=\"elementor-widget-wrap elementor-element-populated\">\n                    \n        \t\t<div class=\"elementor-element elementor-element-6bff6f5c elementor-widget elementor-widget-ct_list\" data-id=\"6bff6f5c\" data-element_type=\"widget\" data-widget_type=\"ct_list.default\">\n\t\t\t\t<div class=\"elementor-widget-container\">\n\t\t\t    <div class=\"ct-list style1 \">\r\n                    <div class=\"ct-list-item \" data-wow-delay=\"ms\">\r\n            \t<div class=\"ct-list-icon\"><i class=\"fac fac-check-circle\"><\/i><\/div>\r\n            \t<div class=\"ct-list-meta\">\r\n\t            \t<div class=\"ct-list-desc\">\r\n\t            \t\tLawyer from the Universidad de los Andes (2020), where he graduated with the meritorious thesis entitled \"Collective management of royalties and blockchain in Colombia\" and directed by Alejandro Jim\u00e9nez Afanador.\t            \t<\/div>\r\n                    \t            <\/div>\r\n           <\/div>\r\n                    <div class=\"ct-list-item \" data-wow-delay=\"ms\">\r\n            \t<div class=\"ct-list-icon\"><i class=\"fac fac-check-circle\"><\/i><\/div>\r\n            \t<div class=\"ct-list-meta\">\r\n\t            \t<div class=\"ct-list-desc\">\r\n\t            \t\tWith over four years of experience in the music industry, he worked at M\u00e1rquez Robledo Abogados, a firm specializing in entertainment law, and for the past three years at M3 Music, where he currently serves as Label & Publishing Director. There, he has spearheaded projects such as Diamante El\u00e9ctrico and Santiago Cruz, and producers such as Jos\u00e9 Castillo (Camila Cabello, Bad Bunny, Bomba Est\u00e9reo), Maki V\u00e1ez (Daddy Yankee, Eladio Carri\u00f3n, Marc Segu\u00ed), and Sim\u00f3n Mej\u00eda (Bomba Est\u00e9reo). He also heads the legal department at M3 Music and actively coordinates the partnership with the US private equity fund Catch Point Rights Partners for the purchase and sale of publishing and phonographic catalogs in Latin America. He also independently advises artists, producers, and composers.\t            \t<\/div>\r\n                    \t            <\/div>\r\n           <\/div>\r\n            <\/div>\r\n\t\t<\/div>\n\t\t\t\t<\/div>\n\t\t            <\/div>\n        <\/div>\n                    <\/div>\n        <\/section>\n        \t\t<\/div>\n\t\t","protected":false},"excerpt":{"rendered":"<p>JUAN FELIPE DIAZ LAWYER Lawyer from the Universidad de los Andes (2020), where he graduated with the meritorious thesis entitled &#8220;Collective management of royalties and blockchain in Colombia&#8221; and directed by Alejandro Jim\u00e9nez Afanador. With over four years of experience in the music industry, he worked at M\u00e1rquez Robledo Abogados, a firm specializing in entertainment [&hellip;]<\/p>\n","protected":false},"author":1,"featured_media":0,"parent":6792,"menu_order":0,"comment_status":"closed","ping_status":"closed","template":"","meta":{"inline_featured_image":false,"footnotes":""},"class_list":["post-6918","page","type-page","status-publish","hentry"],"_links":{"self":[{"href":"https:\/\/playlegal.net\/en\/wp-json\/wp\/v2\/pages\/6918","targetHints":{"allow":["GET"]}}],"collection":[{"href":"https:\/\/playlegal.net\/en\/wp-json\/wp\/v2\/pages"}],"about":[{"href":"https:\/\/playlegal.net\/en\/wp-json\/wp\/v2\/types\/page"}],"author":[{"embeddable":true,"href":"https:\/\/playlegal.net\/en\/wp-json\/wp\/v2\/users\/1"}],"replies":[{"embeddable":true,"href":"https:\/\/playlegal.net\/en\/wp-json\/wp\/v2\/comments?post=6918"}],"version-history":[{"count":3,"href":"https:\/\/playlegal.net\/en\/wp-json\/wp\/v2\/pages\/6918\/revisions"}],"predecessor-version":[{"id":7225,"href":"https:\/\/playlegal.net\/en\/wp-json\/wp\/v2\/pages\/6918\/revisions\/7225"}],"up":[{"embeddable":true,"href":"https:\/\/playlegal.net\/en\/wp-json\/wp\/v2\/pages\/6792"}],"wp:attachment":[{"href":"https:\/\/playlegal.net\/en\/wp-json\/wp\/v2\/media?parent=6918"}],"curies":[{"name":"wp","href":"https:\/\/api.w.org\/{rel}","templated":true}]}}