{"id":6883,"date":"2024-09-12T20:05:39","date_gmt":"2024-09-13T01:05:39","guid":{"rendered":"https:\/\/playlegal.net\/?page_id=6883"},"modified":"2025-07-11T11:53:53","modified_gmt":"2025-07-11T16:53:53","slug":"sebastian-salazar","status":"publish","type":"page","link":"https:\/\/playlegal.net\/en\/about-us\/sebastian-salazar\/","title":{"rendered":"SEBASTIAN SALAZAR"},"content":{"rendered":"\t\t<div data-elementor-type=\"wp-page\" data-elementor-id=\"6883\" class=\"elementor elementor-6883\">\n\t\t\t\t        <section class=\"elementor-section elementor-top-section elementor-element elementor-element-17be7ea9 elementor-section-boxed elementor-section-height-default elementor-section-height-default ct-header-fixed-none ct-row-max-none\" data-id=\"17be7ea9\" data-element_type=\"section\">\n            \n                        <div class=\"elementor-container elementor-column-gap-extended \">\n                    <div class=\"elementor-column elementor-col-100 elementor-top-column elementor-element elementor-element-28ef3d7f\" data-id=\"28ef3d7f\" data-element_type=\"column\">\n        <div class=\"elementor-widget-wrap elementor-element-populated\">\n                    \n        \t\t<div class=\"elementor-element elementor-element-6da74510 elementor-widget elementor-widget-ct_team_details\" data-id=\"6da74510\" data-element_type=\"widget\" data-widget_type=\"ct_team_details.default\">\n\t\t\t\t<div class=\"elementor-widget-container\">\n\t\t\t<div class=\"ct-team-details\">\r\n\t\t\t<div class=\"ct-team-image bg-image\" style=\"background-image: url(https:\/\/playlegal.net\/en\/wp-content\/uploads\/sites\/4\/2025\/07\/Sebastian-Salazar-perfil-2.jpg);\"><\/div>\r\n\t\t<div class=\"ct-team-content bg-image\">\r\n\t\t<div class=\"ct-team-holder\">\r\n\t\t\t<div class=\"ct-team-icon\"><i class=\"fac fac-user-cog\"><\/i><\/div>\r\n\t\t\t<div class=\"ct-team-meta\">\r\n\t\t\t\t<h3 class=\"ct-team-title\">SEBASTIAN SALAZAR<\/h3>\r\n\t\t\t\t<div class=\"ct-team-position\">Partner<\/div>\r\n\t\t\t<\/div>\r\n\t\t<\/div>\r\n\t\t<ul class=\"ct-team-contact\">\r\n\t\t\t\t\t\t\t\t\t\t\t<\/ul>\r\n\t\t<div class=\"ct-team-social\">\r\n\t\t\t\t\t\t\t\t\t\t<div class=\"ct-team-social-list\">\r\n\t\t\t\t\t\t\t\t            \t\t\t                <a href=\"https:\/\/www.linkedin.com\/in\/sebastian-salazar-5553a34b\/ \">\r\n\t\t\t                    <i aria-hidden=\"true\" class=\"material zmdi zmdi-linkedin-box\"><\/i>\t\t\t                    \t\t\t                <\/a>\r\n\t\t\t            \t\t\t        \t\t\t\t<\/div>\r\n\t\t\t\t\t<\/div>\r\n\t<\/div>\r\n<\/div>\t\t<\/div>\n\t\t\t\t<\/div>\n\t\t            <\/div>\n        <\/div>\n                    <\/div>\n        <\/section>\n                <section class=\"elementor-section elementor-top-section elementor-element elementor-element-160efa40 elementor-section-boxed elementor-section-height-default elementor-section-height-default ct-header-fixed-none ct-row-max-none\" data-id=\"160efa40\" data-element_type=\"section\">\n            \n                        <div class=\"elementor-container elementor-column-gap-default \">\n                    <div class=\"elementor-column elementor-col-100 elementor-top-column elementor-element elementor-element-325ecc05\" data-id=\"325ecc05\" data-element_type=\"column\">\n        <div class=\"elementor-widget-wrap elementor-element-populated\">\n                    \n        \t\t<div class=\"elementor-element elementor-element-7b8b50dd elementor-widget elementor-widget-ct_list\" data-id=\"7b8b50dd\" data-element_type=\"widget\" data-widget_type=\"ct_list.default\">\n\t\t\t\t<div class=\"elementor-widget-container\">\n\t\t\t    <div class=\"ct-list style1 \">\r\n                    <div class=\"ct-list-item \" data-wow-delay=\"ms\">\r\n            \t<div class=\"ct-list-icon\"><i class=\"fac fac-check-circle\"><\/i><\/div>\r\n            \t<div class=\"ct-list-meta\">\r\n\t            \t<div class=\"ct-list-desc\">\r\n\t            \t\tLawyer from the Universidad Nacional de Colombia, specialist in Private Economic Law from the same university, and Master's degree in International Law, Investment, Trade, and Arbitration from the University of Heidelberg (Germany) and the University of Chile (Chile).\t            \t<\/div>\r\n                    \t            <\/div>\r\n           <\/div>\r\n                    <div class=\"ct-list-item \" data-wow-delay=\"ms\">\r\n            \t<div class=\"ct-list-icon\"><i class=\"fac fac-check-circle\"><\/i><\/div>\r\n            \t<div class=\"ct-list-meta\">\r\n\t            \t<div class=\"ct-list-desc\">\r\n\t            \t\tPartner of RINC\u00d3N CUELLAR & ASOCIADOS and Director of the firm's headquarters in the UAE (Dubai). He has experience as a consulting attorney in national and international contracts, industrial property, corporate and business law, alternative dispute resolution systems, arbitration, international contracts, and foreign investment. Professionally, he has acted as a representative for national and foreign companies in various arbitration proceedings, both in Colombia and abroad, under the rules of the Bogot\u00e1 Chamber of Commerce, UNCITRAL, ICC, GAFTA, among others. He also currently serves as a partner at Playlegal.\t            \t<\/div>\r\n                    \t            <\/div>\r\n           <\/div>\r\n                    <div class=\"ct-list-item \" data-wow-delay=\"ms\">\r\n            \t<div class=\"ct-list-icon\"><i class=\"fac fac-check-circle\"><\/i><\/div>\r\n            \t<div class=\"ct-list-meta\">\r\n\t            \t<div class=\"ct-list-desc\">\r\n\t            \t\tNational and international arbitrator, under the regulations of the Arbitration Center of the Chambers of Commerce of Bogot\u00e1, Medell\u00edn, and Cali, the Superintendency of Companies, UNCITRAL, ADR-Per\u00fa, the Arbitration Center of the Commercial Defense League in Uruguay, the Arbitration Center of Mexico, among others. Member of the list of public defenders of the Securities Market Self-Regulatory Authority (AMV).\t            \t<\/div>\r\n                    \t            <\/div>\r\n           <\/div>\r\n                    <div class=\"ct-list-item \" data-wow-delay=\"ms\">\r\n            \t<div class=\"ct-list-icon\"><i class=\"fac fac-check-circle\"><\/i><\/div>\r\n            \t<div class=\"ct-list-meta\">\r\n\t            \t<div class=\"ct-list-desc\">\r\n\t            \t\tHe is currently President of the Commercial Lawyers Association (CAC), a member of the American Association of Private International Law (ASADIP), a member of the Colombian Arbitration Committee (CCA), the Commercial Custom Certification Committee of the Bogot\u00e1 Chamber of Commerce, as well as the Commercial Practices and International Arbitration Committee of the International Chamber of Commerce (ICC) in Colombia, Vice President of the General Assembly and co-founder of the Heidelberg Alumni Colombia (HACO), a founding member and director of the journal of the Center for Procedural Law Studies (CEDEP). He is a member of the ICC Working Group for the updating of recommendations for the use of technology in international arbitration. He is also the director of training and updating programs in various entities, including the National Copyright Directorate and the Superintendency of Companies, covering aspects related to the use of technology in dispute resolution.\t            \t<\/div>\r\n                    \t            <\/div>\r\n           <\/div>\r\n                    <div class=\"ct-list-item \" data-wow-delay=\"ms\">\r\n            \t<div class=\"ct-list-icon\"><i class=\"fac fac-check-circle\"><\/i><\/div>\r\n            \t<div class=\"ct-list-meta\">\r\n\t            \t<div class=\"ct-list-desc\">\r\n\t            \t\tHe is Director of the International Arbitration Team representing the National University in Moot Courts in Latin America, North America and Europe.\t            \t<\/div>\r\n                    \t            <\/div>\r\n           <\/div>\r\n                    <div class=\"ct-list-item \" data-wow-delay=\"ms\">\r\n            \t<div class=\"ct-list-icon\"><i class=\"fac fac-check-circle\"><\/i><\/div>\r\n            \t<div class=\"ct-list-meta\">\r\n\t            \t<div class=\"ct-list-desc\">\r\n\t            \t\tHe has been a professor of International Arbitration, Modern Types of Contract, and Civil and Commercial Contracts in the undergraduate section of the Faculty of Law of the Universidad Nacional de Colombia, as well as of International Contracting at the Universidad de la Sabana. He was a professor of International Contracting, Securities, Property, Commercial Law, International and National Arbitration, and Procedural Subjects in the postgraduate section of the Faculty of Law of the Universidad Nacional de Colombia, at the Colegio Mayor Nuestra Se\u00f1ora del Rosario, the Universidad de la Sabana, the Universidad de Medell\u00edn, the Universidad Cat\u00f3lica de Colombia, and various other universities in Colombia.\t            \t<\/div>\r\n                    \t            <\/div>\r\n           <\/div>\r\n                    <div class=\"ct-list-item \" data-wow-delay=\"ms\">\r\n            \t<div class=\"ct-list-icon\"><i class=\"fac fac-check-circle\"><\/i><\/div>\r\n            \t<div class=\"ct-list-meta\">\r\n\t            \t<div class=\"ct-list-desc\">\r\n\t            \t\tHe has been a guest speaker on numerous national and international venues. He is the author of numerous specialized publications in Colombia, Mexico, and Argentina on international arbitration and contracting, intellectual property, and other topics. He has been a columnist for the newspaper La Rep\u00fablica and Raz\u00f3n P\u00fablica magazine.\t            \t<\/div>\r\n                    \t            <\/div>\r\n           <\/div>\r\n            <\/div>\r\n\t\t<\/div>\n\t\t\t\t<\/div>\n\t\t            <\/div>\n        <\/div>\n                    <\/div>\n        <\/section>\n        \t\t<\/div>\n\t\t","protected":false},"excerpt":{"rendered":"<p>SEBASTIAN SALAZAR Partner Lawyer from the Universidad Nacional de Colombia, specialist in Private Economic Law from the same university, and Master&#8217;s degree in International Law, Investment, Trade, and Arbitration from the University of Heidelberg (Germany) and the University of Chile (Chile). Partner of RINC\u00d3N CUELLAR &#038; ASOCIADOS and Director of the firm&#8217;s headquarters in the [&hellip;]<\/p>\n","protected":false},"author":1,"featured_media":0,"parent":6792,"menu_order":0,"comment_status":"closed","ping_status":"closed","template":"","meta":{"inline_featured_image":false,"footnotes":""},"class_list":["post-6883","page","type-page","status-publish","hentry"],"_links":{"self":[{"href":"https:\/\/playlegal.net\/en\/wp-json\/wp\/v2\/pages\/6883","targetHints":{"allow":["GET"]}}],"collection":[{"href":"https:\/\/playlegal.net\/en\/wp-json\/wp\/v2\/pages"}],"about":[{"href":"https:\/\/playlegal.net\/en\/wp-json\/wp\/v2\/types\/page"}],"author":[{"embeddable":true,"href":"https:\/\/playlegal.net\/en\/wp-json\/wp\/v2\/users\/1"}],"replies":[{"embeddable":true,"href":"https:\/\/playlegal.net\/en\/wp-json\/wp\/v2\/comments?post=6883"}],"version-history":[{"count":6,"href":"https:\/\/playlegal.net\/en\/wp-json\/wp\/v2\/pages\/6883\/revisions"}],"predecessor-version":[{"id":7312,"href":"https:\/\/playlegal.net\/en\/wp-json\/wp\/v2\/pages\/6883\/revisions\/7312"}],"up":[{"embeddable":true,"href":"https:\/\/playlegal.net\/en\/wp-json\/wp\/v2\/pages\/6792"}],"wp:attachment":[{"href":"https:\/\/playlegal.net\/en\/wp-json\/wp\/v2\/media?parent=6883"}],"curies":[{"name":"wp","href":"https:\/\/api.w.org\/{rel}","templated":true}]}}