{"id":6878,"date":"2024-09-12T20:01:28","date_gmt":"2024-09-13T01:01:28","guid":{"rendered":"https:\/\/playlegal.net\/?page_id=6878"},"modified":"2025-07-04T11:27:49","modified_gmt":"2025-07-04T16:27:49","slug":"luis-fernando-rincon-cuellar","status":"publish","type":"page","link":"https:\/\/playlegal.net\/en\/about-us\/luis-fernando-rincon-cuellar\/","title":{"rendered":"LUIS FERNANDO RINC\u00d3N CUELLAR"},"content":{"rendered":"\t\t<div data-elementor-type=\"wp-page\" data-elementor-id=\"6878\" class=\"elementor elementor-6878\">\n\t\t\t\t        <section class=\"elementor-section elementor-top-section elementor-element elementor-element-57a2327c elementor-section-boxed elementor-section-height-default elementor-section-height-default ct-header-fixed-none ct-row-max-none\" data-id=\"57a2327c\" data-element_type=\"section\">\n            \n                        <div class=\"elementor-container elementor-column-gap-extended \">\n                    <div class=\"elementor-column elementor-col-100 elementor-top-column elementor-element elementor-element-152fdf54\" data-id=\"152fdf54\" data-element_type=\"column\">\n        <div class=\"elementor-widget-wrap elementor-element-populated\">\n                    \n        \t\t<div class=\"elementor-element elementor-element-9e8c3dc elementor-widget elementor-widget-ct_team_details\" data-id=\"9e8c3dc\" data-element_type=\"widget\" data-widget_type=\"ct_team_details.default\">\n\t\t\t\t<div class=\"elementor-widget-container\">\n\t\t\t<div class=\"ct-team-details\">\r\n\t\t\t<div class=\"ct-team-image bg-image\" style=\"background-image: url(https:\/\/playlegal.net\/wp-content\/uploads\/2024\/11\/Luis-Fernando-Rincon-scaled.jpeg);\"><\/div>\r\n\t\t<div class=\"ct-team-content bg-image\">\r\n\t\t<div class=\"ct-team-holder\">\r\n\t\t\t<div class=\"ct-team-icon\"><i class=\"fac fac-user-cog\"><\/i><\/div>\r\n\t\t\t<div class=\"ct-team-meta\">\r\n\t\t\t\t<h3 class=\"ct-team-title\">LUIS FERNANDO RINC\u00d3N CUELLAR<\/h3>\r\n\t\t\t\t<div class=\"ct-team-position\">Partner<\/div>\r\n\t\t\t<\/div>\r\n\t\t<\/div>\r\n\t\t<ul class=\"ct-team-contact\">\r\n\t\t\t\t\t\t\t\t\t\t\t<\/ul>\r\n\t\t<div class=\"ct-team-social\">\r\n\t\t\t\t\t\t\t\t\t\t<div class=\"ct-team-social-list\">\r\n\t\t\t\t\t\t\t\t            \t\t\t                <a href=\"https:\/\/www.linkedin.com\/in\/luis-fernando-rincon-0a520935\/ \">\r\n\t\t\t                    <i aria-hidden=\"true\" class=\"material zmdi zmdi-linkedin-box\"><\/i>\t\t\t                    \t\t\t                <\/a>\r\n\t\t\t            \t\t\t        \t\t\t\t<\/div>\r\n\t\t\t\t\t<\/div>\r\n\t<\/div>\r\n<\/div>\t\t<\/div>\n\t\t\t\t<\/div>\n\t\t            <\/div>\n        <\/div>\n                    <\/div>\n        <\/section>\n                <section class=\"elementor-section elementor-top-section elementor-element elementor-element-61dc588f elementor-section-boxed elementor-section-height-default elementor-section-height-default ct-header-fixed-none ct-row-max-none\" data-id=\"61dc588f\" data-element_type=\"section\">\n            \n                        <div class=\"elementor-container elementor-column-gap-default \">\n                    <div class=\"elementor-column elementor-col-100 elementor-top-column elementor-element elementor-element-7059b77c\" data-id=\"7059b77c\" data-element_type=\"column\">\n        <div class=\"elementor-widget-wrap elementor-element-populated\">\n                    \n        \t\t<div class=\"elementor-element elementor-element-7bf2e8bb elementor-widget elementor-widget-ct_list\" data-id=\"7bf2e8bb\" data-element_type=\"widget\" data-widget_type=\"ct_list.default\">\n\t\t\t\t<div class=\"elementor-widget-container\">\n\t\t\t    <div class=\"ct-list style1 \">\r\n                    <div class=\"ct-list-item \" data-wow-delay=\"ms\">\r\n            \t<div class=\"ct-list-icon\"><i class=\"fac fac-check-circle\"><\/i><\/div>\r\n            \t<div class=\"ct-list-meta\">\r\n\t            \t<div class=\"ct-list-desc\">\r\n\t            \t\tLawyer from the Pontificia Universidad Javeriana. Master's degree in Business Law from the University of Geneva (Switzerland). MCIArb \u2013 Advanced Course in Arbitration from the International Center for Arbitration, Mediation and Negotiation (CIAMEN) of the Institute of European Studies (Spain) \u2013 Chartered Institute of Arbitrators \u2013 CIArb (England).\t            \t<\/div>\r\n                    \t            <\/div>\r\n           <\/div>\r\n                    <div class=\"ct-list-item \" data-wow-delay=\"ms\">\r\n            \t<div class=\"ct-list-icon\"><i class=\"fac fac-check-circle\"><\/i><\/div>\r\n            \t<div class=\"ct-list-meta\">\r\n\t            \t<div class=\"ct-list-desc\">\r\n\t            \t\tHe has extensive experience in entertainment law, sports law, international contracts, corporate law, intellectual property, construction, private equity, corporate governance, technology, business structuring, and family partnerships.\t            \t<\/div>\r\n                    \t            <\/div>\r\n           <\/div>\r\n                    <div class=\"ct-list-item \" data-wow-delay=\"ms\">\r\n            \t<div class=\"ct-list-icon\"><i class=\"fac fac-check-circle\"><\/i><\/div>\r\n            \t<div class=\"ct-list-meta\">\r\n\t            \t<div class=\"ct-list-desc\">\r\n\t            \t\tHe is a Founding Partner and Director of the firm RINC\u00d3N-CU\u00c9LLAR & ASOCIADOS, Sports Law Arbitrator at the Chamber of Commerce of Cali (Colombia), Arbitrator at the Chambers of Commerce of Bogot\u00e1, Medell\u00edn, Cali and Cartagena (Colombia), International Arbitrator at the Chamber of Commerce of Lima (Peru), Arbitrator at the Ankawa International Arbitration and Dispute Resolution Center (Peru), Foreign Arbitrator at the Chamber of Commerce of San Salvador (El Salvador), Arbitrator at the National Chamber of Commerce of Bolivia, Friendly Mediator at the Chambers of Commerce of Bogot\u00e1 and Cali (Colombia), and a member of the Boards of Directors of several Latin American companies. He also currently serves as a Partner at Playlegal.\t            \t<\/div>\r\n                    \t            <\/div>\r\n           <\/div>\r\n                    <div class=\"ct-list-item \" data-wow-delay=\"ms\">\r\n            \t<div class=\"ct-list-icon\"><i class=\"fac fac-check-circle\"><\/i><\/div>\r\n            \t<div class=\"ct-list-meta\">\r\n\t            \t<div class=\"ct-list-desc\">\r\n\t            \t\tHe is a Professor of International Contracting and Private International Law at the Faculty of Law of the National University of Colombia, Professor of International Contracting at the Central American University \"Jos\u00e9 Sime\u00f3n Ca\u00f1as\" (San Salvador, El Salvador), and Professor of Corporate Governance at the Universidad de los Andes.\t            \t<\/div>\r\n                    \t            <\/div>\r\n           <\/div>\r\n                    <div class=\"ct-list-item \" data-wow-delay=\"ms\">\r\n            \t<div class=\"ct-list-icon\"><i class=\"fac fac-check-circle\"><\/i><\/div>\r\n            \t<div class=\"ct-list-meta\">\r\n\t            \t<div class=\"ct-list-desc\">\r\n\t            \t\tHe is President of the Intellectual Property Commission of ICC Colombia and is also a member of the Colombian Sports Law Association (ACODEPOR).\t            \t<\/div>\r\n                    \t            <\/div>\r\n           <\/div>\r\n            <\/div>\r\n\t\t<\/div>\n\t\t\t\t<\/div>\n\t\t            <\/div>\n        <\/div>\n                    <\/div>\n        <\/section>\n        \t\t<\/div>\n\t\t","protected":false},"excerpt":{"rendered":"<p>LUIS FERNANDO RINC\u00d3N CUELLAR Partner Lawyer from the Pontificia Universidad Javeriana. Master&#8217;s degree in Business Law from the University of Geneva (Switzerland). MCIArb \u2013 Advanced Course in Arbitration from the International Center for Arbitration, Mediation and Negotiation (CIAMEN) of the Institute of European Studies (Spain) \u2013 Chartered Institute of Arbitrators \u2013 CIArb (England). He has [&hellip;]<\/p>\n","protected":false},"author":1,"featured_media":0,"parent":6792,"menu_order":0,"comment_status":"closed","ping_status":"closed","template":"","meta":{"inline_featured_image":false,"footnotes":""},"class_list":["post-6878","page","type-page","status-publish","hentry"],"_links":{"self":[{"href":"https:\/\/playlegal.net\/en\/wp-json\/wp\/v2\/pages\/6878","targetHints":{"allow":["GET"]}}],"collection":[{"href":"https:\/\/playlegal.net\/en\/wp-json\/wp\/v2\/pages"}],"about":[{"href":"https:\/\/playlegal.net\/en\/wp-json\/wp\/v2\/types\/page"}],"author":[{"embeddable":true,"href":"https:\/\/playlegal.net\/en\/wp-json\/wp\/v2\/users\/1"}],"replies":[{"embeddable":true,"href":"https:\/\/playlegal.net\/en\/wp-json\/wp\/v2\/comments?post=6878"}],"version-history":[{"count":3,"href":"https:\/\/playlegal.net\/en\/wp-json\/wp\/v2\/pages\/6878\/revisions"}],"predecessor-version":[{"id":7232,"href":"https:\/\/playlegal.net\/en\/wp-json\/wp\/v2\/pages\/6878\/revisions\/7232"}],"up":[{"embeddable":true,"href":"https:\/\/playlegal.net\/en\/wp-json\/wp\/v2\/pages\/6792"}],"wp:attachment":[{"href":"https:\/\/playlegal.net\/en\/wp-json\/wp\/v2\/media?parent=6878"}],"curies":[{"name":"wp","href":"https:\/\/api.w.org\/{rel}","templated":true}]}}